{"id":24,"date":"2020-03-04T02:31:30","date_gmt":"2020-03-04T02:31:30","guid":{"rendered":"https:\/\/demo.casethemes.net\/alico\/?page_id=24"},"modified":"2022-06-24T19:14:14","modified_gmt":"2022-06-24T16:14:14","slug":"iletisim","status":"publish","type":"page","link":"https:\/\/www.kolbakirlaryatcilik.com.tr\/index.php\/iletisim\/","title":{"rendered":"\u0130leti\u015fim"},"content":{"rendered":"\t\t<div data-elementor-type=\"wp-page\" data-elementor-id=\"24\" class=\"elementor elementor-24\" data-elementor-settings=\"[]\">\n\t\t\t\t\t\t<div class=\"elementor-inner\">\n\t\t\t\t\t\t\t<div class=\"elementor-section-wrap\">\n\t\t\t\t\t        <section class=\"elementor-section elementor-top-section elementor-element elementor-element-93ebfb6 elementor-section-boxed elementor-section-height-default elementor-section-height-default\" data-id=\"93ebfb6\" data-element_type=\"section\">\n            \n                        <div class=\"elementor-container elementor-column-gap-default \">\n                            <div class=\"elementor-row\">\n                    <div class=\"elementor-column elementor-col-100 elementor-top-column elementor-element elementor-element-b3ba544\" data-id=\"b3ba544\" data-element_type=\"column\">\n            <div class=\"elementor-column-wrap elementor-element-populated\">\n                            <div class=\"elementor-widget-wrap\">\n                        <section class=\"elementor-section elementor-inner-section elementor-element elementor-element-96eca65 elementor-section-content-middle elementor-section-boxed elementor-section-height-default elementor-section-height-default\" data-id=\"96eca65\" data-element_type=\"section\">\n            \n                        <div class=\"elementor-container elementor-column-gap-extended \">\n                            <div class=\"elementor-row\">\n                    <div class=\"elementor-column elementor-col-50 elementor-inner-column elementor-element elementor-element-273f6a4\" data-id=\"273f6a4\" data-element_type=\"column\">\n            <div class=\"elementor-column-wrap elementor-element-populated\">\n                            <div class=\"elementor-widget-wrap\">\n                \t\t<div class=\"elementor-element elementor-element-dce6799 elementor-widget elementor-widget-ct_heading\" data-id=\"dce6799\" data-element_type=\"widget\" data-widget_type=\"ct_heading.default\">\n\t\t\t\t<div class=\"elementor-widget-container\">\n\t\t\t<div class=\"ct-heading ct-heading-dot h-align- \" data-wow-duration=\"1.2s\">\n\t\t\t<div class=\"item--sub-title style-default\">\n            <span>\u0130leti\u015fim Formu<\/span>\n        <\/div>\n\t        <h5 class=\"item--title\">\n                    <i class=\"dot-shape\">\n                <i><\/i>\n                <i><\/i>\n                <i><\/i>\n                <i><\/i>\n                <i><\/i>\n                <i><\/i>\n            <\/i>\n                KOLBAKIRLAR YAT\u00c7ILIK TUR. SAN VE T\u0130C. LTD. \u015eT\u0130.    <\/h5>\n<\/div>\t\t<\/div>\n\t\t\t\t<\/div>\n\t\t                <\/div>\n                    <\/div>\n        <\/div>\n                <div class=\"elementor-column elementor-col-50 elementor-inner-column elementor-element elementor-element-f51cb6e\" data-id=\"f51cb6e\" data-element_type=\"column\">\n            <div class=\"elementor-column-wrap elementor-element-populated\">\n                            <div class=\"elementor-widget-wrap\">\n                \t\t<div class=\"elementor-element elementor-element-e40c75f elementor-widget elementor-widget-ct_text_editor\" data-id=\"e40c75f\" data-element_type=\"widget\" data-widget_type=\"ct_text_editor.default\">\n\t\t\t\t<div class=\"elementor-widget-container\">\n\t\t\t<div id=\"ct_text_editor-e40c75f\" class=\"ct-text-editor \">\n\t<div class=\"ct-inline-css\"  data-css=\"\n        \">\n    <\/div>\n\t<div class=\"ct-text-editor elementor-clearfix\"><p>Her t\u00fcrl\u00fc istek ve \u00f6nerileriniz i\u00e7in bizi arayabilir, e-posta g\u00f6nderebilirsiniz.<\/p><\/div>\n<\/div>\t\t<\/div>\n\t\t\t\t<\/div>\n\t\t                <\/div>\n                    <\/div>\n        <\/div>\n                                <\/div>\n                    <\/div>\n        <\/section>\n                <section class=\"elementor-section elementor-inner-section elementor-element elementor-element-6f4f5c0 elementor-section-boxed elementor-section-height-default elementor-section-height-default\" data-id=\"6f4f5c0\" data-element_type=\"section\">\n            \n                        <div class=\"elementor-container elementor-column-gap-extended \">\n                            <div class=\"elementor-row\">\n                    <div class=\"elementor-column elementor-col-50 elementor-inner-column elementor-element elementor-element-3400e06\" data-id=\"3400e06\" data-element_type=\"column\">\n            <div class=\"elementor-column-wrap elementor-element-populated\">\n                            <div class=\"elementor-widget-wrap\">\n                \t\t<div class=\"elementor-element elementor-element-d0f1b6c elementor-widget elementor-widget-ct_image\" data-id=\"d0f1b6c\" data-element_type=\"widget\" data-widget_type=\"ct_image.default\">\n\t\t\t\t<div class=\"elementor-widget-container\">\n\t\t\t<div class=\"ct-image-single \" data-wow-duration=\"1.2s\" data-wow-delay=\"ms\">\n                        <img width=\"538\" height=\"368\" src=\"https:\/\/www.kolbakirlaryatcilik.com.tr\/wp-content\/uploads\/2020\/03\/contact-us.png\" class=\"attachment-full\" alt=\"\" loading=\"lazy\" \/>            <\/div>\t\t<\/div>\n\t\t\t\t<\/div>\n\t\t                <\/div>\n                    <\/div>\n        <\/div>\n                <div class=\"elementor-column elementor-col-50 elementor-inner-column elementor-element elementor-element-976a09b\" data-id=\"976a09b\" data-element_type=\"column\">\n            <div class=\"elementor-column-wrap elementor-element-populated\">\n                            <div class=\"elementor-widget-wrap\">\n                \t\t<div class=\"elementor-element elementor-element-5b06760 elementor-widget elementor-widget-ct_contact_form\" data-id=\"5b06760\" data-element_type=\"widget\" data-widget_type=\"ct_contact_form.default\">\n\t\t\t\t<div class=\"elementor-widget-container\">\n\t\t\t    <div class=\"ct-contact-form-layout1 style2 \">\n    \t        <div class=\"ct-contact-form\">\n            <div role=\"form\" class=\"wpcf7\" id=\"wpcf7-f5-o1\" lang=\"en-US\" dir=\"ltr\">\n<div class=\"screen-reader-response\"><p role=\"status\" aria-live=\"polite\" aria-atomic=\"true\"><\/p> <ul><\/ul><\/div>\n<form action=\"\/index.php\/wp-json\/wp\/v2\/pages\/24#wpcf7-f5-o1\" method=\"post\" class=\"wpcf7-form init\" novalidate=\"novalidate\" data-status=\"init\">\n<div style=\"display: none;\">\n<input type=\"hidden\" name=\"_wpcf7\" value=\"5\" \/>\n<input type=\"hidden\" name=\"_wpcf7_version\" value=\"5.4\" \/>\n<input type=\"hidden\" name=\"_wpcf7_locale\" value=\"en_US\" \/>\n<input type=\"hidden\" name=\"_wpcf7_unit_tag\" value=\"wpcf7-f5-o1\" \/>\n<input type=\"hidden\" name=\"_wpcf7_container_post\" value=\"0\" \/>\n<input type=\"hidden\" name=\"_wpcf7_posted_data_hash\" value=\"\" \/>\n<\/div>\n<div class=\"row\">\n<div class=\"input-filled col-lg-6 col-md-6\"><span class=\"wpcf7-form-control-wrap first-name\"><input type=\"text\" name=\"first-name\" value=\"\" size=\"40\" class=\"wpcf7-form-control wpcf7-text wpcf7-validates-as-required\" aria-required=\"true\" aria-invalid=\"false\" placeholder=\"Ad\u0131n\u0131z *\" \/><\/span><\/div>\n<div class=\"input-filled col-lg-6 col-md-6\"><span class=\"wpcf7-form-control-wrap last-name\"><input type=\"text\" name=\"last-name\" value=\"\" size=\"40\" class=\"wpcf7-form-control wpcf7-text wpcf7-validates-as-required\" aria-required=\"true\" aria-invalid=\"false\" placeholder=\"Soyad\u0131n\u0131z *\" \/><\/span><\/div>\n<\/div>\n<div class=\"row\">\n<div class=\"input-filled col-lg-6 col-md-6\"><span class=\"wpcf7-form-control-wrap your-email\"><input type=\"email\" name=\"your-email\" value=\"\" size=\"40\" class=\"wpcf7-form-control wpcf7-text wpcf7-email wpcf7-validates-as-required wpcf7-validates-as-email\" aria-required=\"true\" aria-invalid=\"false\" placeholder=\"Mail *\" \/><\/span><\/div>\n<div class=\"input-filled col-lg-6 col-md-6\"><span class=\"wpcf7-form-control-wrap your-phone\"><input type=\"text\" name=\"your-phone\" value=\"\" size=\"40\" class=\"wpcf7-form-control wpcf7-text wpcf7-validates-as-required\" aria-required=\"true\" aria-invalid=\"false\" placeholder=\"Telefon *\" \/><\/span><\/div>\n<\/div>\n<div class=\"row\">\n<div class=\"input-filled col-12\"><span class=\"wpcf7-form-control-wrap your-message\"><textarea name=\"your-message\" cols=\"40\" rows=\"10\" class=\"wpcf7-form-control wpcf7-textarea wpcf7-validates-as-required\" aria-required=\"true\" aria-invalid=\"false\" placeholder=\"Mesaj\u0131n\u0131z...\"><\/textarea><\/span><\/div>\n<div class=\"input-filled col-12\"><button type=\"submit\" class=\"wpcf7-submit btn btn-block\"><i class=\"fac fac-arrow-circle-right space-right\"><\/i>G\u00d6NDER<\/button><\/div>\n<\/div>\n<div class=\"wpcf7-response-output\" aria-hidden=\"true\"><\/div><\/form><\/div>        <\/div>\n    <\/div>\n\t\t<\/div>\n\t\t\t\t<\/div>\n\t\t                <\/div>\n                    <\/div>\n        <\/div>\n                                <\/div>\n                    <\/div>\n        <\/section>\n                <section class=\"elementor-section elementor-inner-section elementor-element elementor-element-e6f049e elementor-section-boxed elementor-section-height-default elementor-section-height-default\" data-id=\"e6f049e\" data-element_type=\"section\">\n            \n                        <div class=\"elementor-container elementor-column-gap-extended \">\n                            <div class=\"elementor-row\">\n                    <div class=\"elementor-column elementor-col-33 elementor-inner-column elementor-element elementor-element-a2e34f2\" data-id=\"a2e34f2\" data-element_type=\"column\">\n            <div class=\"elementor-column-wrap elementor-element-populated\">\n                            <div class=\"elementor-widget-wrap\">\n                \t\t<div class=\"elementor-element elementor-element-3e91597 elementor-widget elementor-widget-ct_fancy_box\" data-id=\"3e91597\" data-element_type=\"widget\" data-widget_type=\"ct_fancy_box.default\">\n\t\t\t\t<div class=\"elementor-widget-container\">\n\t\t\t<div class=\"ct-fancy-box ct-fancy-box-layout1 style2 \" data-wow-delay=\"ms\">\n            <div class=\"item--icon\">\n            <i aria-hidden=\"true\" class=\"flaticon flaticon-maps-and-flags\"><\/i>        <\/div>\n            <div class=\"item--holder\">\n        <h3 class=\"item--title\">\n            Adres:        <\/h3>\n        <div class=\"item--description\">Derek\u00f6y Mh. Kolbak\u0131rlar Sk.\nNo:11. 19 May\u0131s\/Samsun<\/div>\n    <\/div>\n<\/div>\t\t<\/div>\n\t\t\t\t<\/div>\n\t\t                <\/div>\n                    <\/div>\n        <\/div>\n                <div class=\"elementor-column elementor-col-33 elementor-inner-column elementor-element elementor-element-2e98f13\" data-id=\"2e98f13\" data-element_type=\"column\">\n            <div class=\"elementor-column-wrap elementor-element-populated\">\n                            <div class=\"elementor-widget-wrap\">\n                \t\t<div class=\"elementor-element elementor-element-28bc1b7 elementor-widget elementor-widget-ct_fancy_box\" data-id=\"28bc1b7\" data-element_type=\"widget\" data-widget_type=\"ct_fancy_box.default\">\n\t\t\t\t<div class=\"elementor-widget-container\">\n\t\t\t<div class=\"ct-fancy-box ct-fancy-box-layout1 style2 \" data-wow-delay=\"ms\">\n            <div class=\"item--icon\">\n            <i aria-hidden=\"true\" class=\"flaticon flaticon-envelope\"><\/i>        <\/div>\n            <div class=\"item--holder\">\n        <h3 class=\"item--title\">\n            Mail:        <\/h3>\n        <div class=\"item--description\">info@kolbakirlaryatcilik.com.tr<br\/><\/div>\n    <\/div>\n<\/div>\t\t<\/div>\n\t\t\t\t<\/div>\n\t\t                <\/div>\n                    <\/div>\n        <\/div>\n                <div class=\"elementor-column elementor-col-33 elementor-inner-column elementor-element elementor-element-b1e83e0\" data-id=\"b1e83e0\" data-element_type=\"column\">\n            <div class=\"elementor-column-wrap elementor-element-populated\">\n                            <div class=\"elementor-widget-wrap\">\n                \t\t<div class=\"elementor-element elementor-element-782a29b elementor-widget elementor-widget-ct_fancy_box\" data-id=\"782a29b\" data-element_type=\"widget\" data-widget_type=\"ct_fancy_box.default\">\n\t\t\t\t<div class=\"elementor-widget-container\">\n\t\t\t<div class=\"ct-fancy-box ct-fancy-box-layout1 style2 \" data-wow-delay=\"ms\">\n            <div class=\"item--icon\">\n            <i aria-hidden=\"true\" class=\"flaticon flaticon-telephone\"><\/i>        <\/div>\n            <div class=\"item--holder\">\n        <h3 class=\"item--title\">\n            Telefon:        <\/h3>\n        <div class=\"item--description\">0534 856 39 55<br\/><\/div>\n    <\/div>\n<\/div>\t\t<\/div>\n\t\t\t\t<\/div>\n\t\t                <\/div>\n                    <\/div>\n        <\/div>\n                                <\/div>\n                    <\/div>\n        <\/section>\n                        <\/div>\n                    <\/div>\n        <\/div>\n                                <\/div>\n                    <\/div>\n        <\/section>\n                <section class=\"elementor-section elementor-top-section elementor-element elementor-element-7a2c29a elementor-section-stretched elementor-section-full_width elementor-section-height-default elementor-section-height-default\" data-id=\"7a2c29a\" data-element_type=\"section\" data-settings=\"{&quot;stretch_section&quot;:&quot;section-stretched&quot;}\">\n            \n                        <div class=\"elementor-container elementor-column-gap-no \">\n                            <div class=\"elementor-row\">\n                    <div class=\"elementor-column elementor-col-100 elementor-top-column elementor-element elementor-element-c334270\" data-id=\"c334270\" data-element_type=\"column\">\n            <div class=\"elementor-column-wrap elementor-element-populated\">\n                            <div class=\"elementor-widget-wrap\">\n                \t\t<div class=\"elementor-element elementor-element-7b8b535 elementor-widget elementor-widget-ct_google_map\" data-id=\"7b8b535\" data-element_type=\"widget\" data-widget_type=\"ct_google_map.default\">\n\t\t\t\t<div class=\"elementor-widget-container\">\n\t\t\t\n<div class=\"ct-google-map\">\n    <div class=\"map-render\" data-address='Derek\u00f6y Mahallesi Kolbak\u0131rlar Sk. No:11 19 May\u0131s\/Samsun' data-marker='%7B%7D' data-loader='%7B%22markericon%22%3A%22%3Cspan%3E%3C%5C%2Fspan%3E%22%7D' data-coordinate='41.4664985,36.1248573' data-type='HYBRID' data-zoom='15' data-template='%5B%7B%22featureType%22%3A%22administrative%22%2C%22elementType%22%3A%22all%22%2C%22stylers%22%3A%5B%7B%22saturation%22%3A%22-100%22%7D%5D%7D%2C%7B%22featureType%22%3A%22administrative.province%22%2C%22elementType%22%3A%22all%22%2C%22stylers%22%3A%5B%7B%22visibility%22%3A%22off%22%7D%5D%7D%2C%7B%22featureType%22%3A%22landscape%22%2C%22elementType%22%3A%22all%22%2C%22stylers%22%3A%5B%7B%22saturation%22%3A-100%7D%2C%7B%22lightness%22%3A65%7D%2C%7B%22visibility%22%3A%22on%22%7D%5D%7D%2C%7B%22featureType%22%3A%22poi%22%2C%22elementType%22%3A%22all%22%2C%22stylers%22%3A%5B%7B%22saturation%22%3A-100%7D%2C%7B%22lightness%22%3A%2250%22%7D%2C%7B%22visibility%22%3A%22simplified%22%7D%5D%7D%2C%7B%22featureType%22%3A%22road%22%2C%22elementType%22%3A%22all%22%2C%22stylers%22%3A%5B%7B%22saturation%22%3A%22-100%22%7D%5D%7D%2C%7B%22featureType%22%3A%22road.highway%22%2C%22elementType%22%3A%22all%22%2C%22stylers%22%3A%5B%7B%22visibility%22%3A%22simplified%22%7D%5D%7D%2C%7B%22featureType%22%3A%22road.arterial%22%2C%22elementType%22%3A%22all%22%2C%22stylers%22%3A%5B%7B%22lightness%22%3A%2230%22%7D%5D%7D%2C%7B%22featureType%22%3A%22road.local%22%2C%22elementType%22%3A%22all%22%2C%22stylers%22%3A%5B%7B%22lightness%22%3A%2240%22%7D%5D%7D%2C%7B%22featureType%22%3A%22transit%22%2C%22elementType%22%3A%22all%22%2C%22stylers%22%3A%5B%7B%22saturation%22%3A-100%7D%2C%7B%22visibility%22%3A%22simplified%22%7D%5D%7D%2C%7B%22featureType%22%3A%22water%22%2C%22elementType%22%3A%22geometry%22%2C%22stylers%22%3A%5B%7B%22hue%22%3A%22%23ffff00%22%7D%2C%7B%22lightness%22%3A-25%7D%2C%7B%22saturation%22%3A-97%7D%5D%7D%2C%7B%22featureType%22%3A%22water%22%2C%22elementType%22%3A%22labels%22%2C%22stylers%22%3A%5B%7B%22lightness%22%3A-25%7D%2C%7B%22saturation%22%3A-100%7D%5D%7D%5D' data-controls='%7B%22scrollwheel%22%3A0%2C%22pancontrol%22%3Afalse%2C%22zoomcontrol%22%3Afalse%2C%22scalecontrol%22%3Afalse%2C%22maptypecontrol%22%3Afalse%2C%22streetviewcontrol%22%3Afalse%2C%22overviewmapcontrol%22%3Afalse%2C%22infoclick%22%3Afalse%2C%22infowidth%22%3A%22%22%2C%22style%22%3A%22custom%22%7D' style=\"width:auto;height: 370px\"><\/div>\n<\/div>\n\t\t<\/div>\n\t\t\t\t<\/div>\n\t\t                <\/div>\n                    <\/div>\n        <\/div>\n                                <\/div>\n                    <\/div>\n        <\/section>\n                <section class=\"elementor-section elementor-top-section elementor-element elementor-element-0f38043 elementor-section-boxed elementor-section-height-default elementor-section-height-default\" data-id=\"0f38043\" data-element_type=\"section\">\n            \n                        <div class=\"elementor-container elementor-column-gap-default \">\n                            <div class=\"elementor-row\">\n                    <div class=\"elementor-column elementor-col-100 elementor-top-column elementor-element elementor-element-3557cab\" data-id=\"3557cab\" data-element_type=\"column\">\n            <div class=\"elementor-column-wrap\">\n                            <div class=\"elementor-widget-wrap\">\n                                <\/div>\n                    <\/div>\n        <\/div>\n                                <\/div>\n                    <\/div>\n        <\/section>\n        \t\t\t\t<\/div>\n\t\t\t\t\t\t<\/div>\n\t\t\t\t\t<\/div>\n\t\t","protected":false},"excerpt":{"rendered":"<p>\u0130leti\u015fim Formu KOLBAKIRLAR YAT\u00c7ILIK TUR. SAN VE T\u0130C. LTD. \u015eT\u0130. Her t\u00fcrl\u00fc istek ve \u00f6nerileriniz i\u00e7in bizi arayabilir, e-posta g\u00f6nderebilirsiniz. G\u00d6NDER Adres: Derek\u00f6y Mh. Kolbak\u0131rlar Sk. No:11. 19 May\u0131s\/Samsun Mail: info@kolbakirlaryatcilik.com.tr Telefon: 0534 856 39 55<\/p>\n","protected":false},"author":1,"featured_media":0,"parent":0,"menu_order":0,"comment_status":"closed","ping_status":"closed","template":"","meta":{"om_disable_all_campaigns":false,"_monsterinsights_skip_tracking":false,"_monsterinsights_sitenote_active":false,"_monsterinsights_sitenote_note":"","_monsterinsights_sitenote_category":0},"_links":{"self":[{"href":"https:\/\/www.kolbakirlaryatcilik.com.tr\/index.php\/wp-json\/wp\/v2\/pages\/24"}],"collection":[{"href":"https:\/\/www.kolbakirlaryatcilik.com.tr\/index.php\/wp-json\/wp\/v2\/pages"}],"about":[{"href":"https:\/\/www.kolbakirlaryatcilik.com.tr\/index.php\/wp-json\/wp\/v2\/types\/page"}],"author":[{"embeddable":true,"href":"https:\/\/www.kolbakirlaryatcilik.com.tr\/index.php\/wp-json\/wp\/v2\/users\/1"}],"replies":[{"embeddable":true,"href":"https:\/\/www.kolbakirlaryatcilik.com.tr\/index.php\/wp-json\/wp\/v2\/comments?post=24"}],"version-history":[{"count":66,"href":"https:\/\/www.kolbakirlaryatcilik.com.tr\/index.php\/wp-json\/wp\/v2\/pages\/24\/revisions"}],"predecessor-version":[{"id":4067,"href":"https:\/\/www.kolbakirlaryatcilik.com.tr\/index.php\/wp-json\/wp\/v2\/pages\/24\/revisions\/4067"}],"wp:attachment":[{"href":"https:\/\/www.kolbakirlaryatcilik.com.tr\/index.php\/wp-json\/wp\/v2\/media?parent=24"}],"curies":[{"name":"wp","href":"https:\/\/api.w.org\/{rel}","templated":true}]}}