{"id":208,"date":"2020-03-04T11:24:54","date_gmt":"2020-03-04T08:24:54","guid":{"rendered":"https:\/\/demo.casethemes.net\/alico\/?page_id=208"},"modified":"2022-06-24T19:23:49","modified_gmt":"2022-06-24T16:23:49","slug":"hakkimizda","status":"publish","type":"page","link":"https:\/\/www.kolbakirlaryatcilik.com.tr\/index.php\/hakkimizda\/","title":{"rendered":"Hakk\u0131m\u0131zda"},"content":{"rendered":"\t\t<div data-elementor-type=\"wp-page\" data-elementor-id=\"208\" class=\"elementor elementor-208\" data-elementor-settings=\"[]\">\n\t\t\t\t\t\t<div class=\"elementor-inner\">\n\t\t\t\t\t\t\t<div class=\"elementor-section-wrap\">\n\t\t\t\t\t        <section class=\"elementor-section elementor-top-section elementor-element elementor-element-8006597 elementor-section-boxed elementor-section-height-default elementor-section-height-default\" data-id=\"8006597\" data-element_type=\"section\">\n            \n                        <div class=\"elementor-container elementor-column-gap-default \">\n                            <div class=\"elementor-row\">\n                    <div class=\"elementor-column elementor-col-100 elementor-top-column elementor-element elementor-element-2b7e7f7\" data-id=\"2b7e7f7\" data-element_type=\"column\">\n            <div class=\"elementor-column-wrap elementor-element-populated\">\n                            <div class=\"elementor-widget-wrap\">\n                \t\t<div class=\"elementor-element elementor-element-29dfb50 elementor-widget elementor-widget-heading\" data-id=\"29dfb50\" data-element_type=\"widget\" data-widget_type=\"heading.default\">\n\t\t\t\t<div class=\"elementor-widget-container\">\n\t\t\t<h2 class=\"elementor-heading-title elementor-size-default\">Hakk\u0131m\u0131zda<\/h2>\t\t<\/div>\n\t\t\t\t<\/div>\n\t\t                <\/div>\n                    <\/div>\n        <\/div>\n                <div class=\"elementor-column elementor-col-100 elementor-top-column elementor-element elementor-element-a9eb808\" data-id=\"a9eb808\" data-element_type=\"column\">\n            <div class=\"elementor-column-wrap elementor-element-populated\">\n                            <div class=\"elementor-widget-wrap\">\n                \t\t<div class=\"elementor-element elementor-element-128965e elementor-widget elementor-widget-text-editor\" data-id=\"128965e\" data-element_type=\"widget\" data-widget_type=\"text-editor.default\">\n\t\t\t\t<div class=\"elementor-widget-container\">\n\t\t\t\t\t<div class=\"elementor-text-editor elementor-clearfix\"><p style=\"text-align: justify;\"><img loading=\"lazy\" class=\"wp-image-4044 size-full alignleft\" src=\"http:\/\/www.kolbakirlaryatcilik.com.tr\/wp-content\/uploads\/2022\/06\/kolbakirlar-yatcilik.png\" alt=\"\" width=\"281\" height=\"145\" \/>\u015eirketimiz ; Karadeniz&#8217;in K\u00fclt\u00fcr ve Tarih kenti Samsun ilinin 19 May\u0131s il\u00e7esinde faaliyet g\u00f6stermektedir.<br \/>\u015eirketimizin faaliyetleri KEMAL KOLBAKIR taraf\u0131ndan Samsun \u0130li Ondokuzmay\u0131s \u0130l\u00e7esi Derek\u00f6y beldesinde 1990 y\u0131l\u0131nda ba\u015flat\u0131lm\u0131\u015f ve 24 metreye kadar \u00e7e\u015fitli boylarda ah\u015fap trol ve algarna teknesi in\u015fas\u0131n\u0131 ger\u00e7ekle\u015ftirmi\u015ftir.<br \/>On sekiz y\u0131l s\u00fcre ile devam eden ah\u015fap tekne imalat\u0131 s\u00fcreci nihayetinde 2007 y\u0131l\u0131nda sonland\u0131r\u0131lm\u0131\u015f ve her t\u00fcr ve boyda \u00e7elik tekne imalat\u0131na girilerek, KOLBAKIRLAR YAT\u00c7ILIK TUR. SAN VE T\u0130C. LTD. \u015eT\u0130. B\u00fcnyesinde 20 metre \u00fczeri 30 adet trol teknesi,bir adet \u00fc\u00e7 g\u00f6vdeli trimaran havuz teknesi,bir adet 20 metre \u00e7elik motorsailer yelkenli \u00f6zel yat,Samsun B\u00fcy\u00fck\u015fehir Belediyesi\u2019ne iki adet tenezz\u00fch teknesi,bir adet zab\u0131ta teknesi,de\u011fi\u015fik boylarda 20 metre alt\u0131 onlarca bal\u0131k\u00e7\u0131 teknesi imal edilmi\u015ftir.<br \/>KOLBAKIRLAR YAT\u00c7ILIK TUR. SAN VE T\u0130C. LTD. \u015eT\u0130. Kurucusu ve y\u00f6netim kurulu ba\u015fkan\u0131 Say\u0131n Kemal Kolbak\u0131r\u2019\u0131n \u00f6nderli\u011finde 2020 y\u0131l\u0131nda kurulan ve faaliyete ge\u00e7erek kurulu\u015fu ile birlikte etkinli\u011fini art\u0131rm\u0131\u015f ve \u00fcretim kapasitesini b\u00fcy\u00fctm\u00fc\u015ft\u00fcr.<br \/>KOLBAKIRLAR YAT\u00c7ILIK TUR. SAN VE T\u0130C. LTD. \u015eT\u0130.\u00a0T\u00fcrkiye&#8217;nin en b\u00fcy\u00fck kapasiteli GIRGIR AVCI BALIK\u00c7I GEM\u0130S\u0130N\u0130N imalat\u0131n\u0131 15.09.2020 tarihinde tamamlam\u0131\u015f ve an\u0131lan gemiyi Karadeniz ile bulu\u015fturmu\u015ftur.<br \/>Toplam makine g\u00fcc\u00fc 3580 KW \u00fc\u00e7 adet ana makine deste\u011fi ile 16 knotluk h\u0131za eri\u015fen ve bu h\u0131zda stabiletesini maksimum \u00f6l\u00e7\u00fcde koruyan T\u00dcRK YILMAZ GIRGIR AVCI BALIK\u00c7I GEM\u0130S\u0130 tersanemizin gurur kayna\u011f\u0131 olmu\u015ftur.<br \/>TERSANEM\u0130Z makine park\u0131, k\u0131zaklar\u0131, kendi b\u00fcnyesindeki donan\u0131ml\u0131 torna at\u00f6lyesi, otomatik sa\u00e7 kesimi cnc plazma), tavan vin\u00e7leri ,abkant &#8211; giyotin (6 metre 15 mm kesme ve b\u00fckme kapasiteli), hidrolik &#8211; mekanik silindir ,hidrolik presler, kaynak ekipman\u0131, boyama ekipman\u0131, dizayn b\u00fcrosu, m\u00fchendisleri ve tecr\u00fcbeli, deneyimli, uzman personeliyle uluslararas\u0131 standartlarda hizmet sunmaktad\u0131r<\/p><\/div>\n\t\t\t\t<\/div>\n\t\t\t\t<\/div>\n\t\t                <\/div>\n                    <\/div>\n        <\/div>\n                                <\/div>\n                    <\/div>\n        <\/section>\n                <section class=\"elementor-section elementor-top-section elementor-element elementor-element-80ea4a7 elementor-section-boxed elementor-section-height-default elementor-section-height-default\" data-id=\"80ea4a7\" data-element_type=\"section\">\n            \n                        <div class=\"elementor-container elementor-column-gap-default \">\n                            <div class=\"elementor-row\">\n                                    <\/div>\n                    <\/div>\n        <\/section>\n        \t\t\t\t<\/div>\n\t\t\t\t\t\t<\/div>\n\t\t\t\t\t<\/div>\n\t\t","protected":false},"excerpt":{"rendered":"<p>Hakk\u0131m\u0131zda \u015eirketimiz ; Karadeniz&#8217;in K\u00fclt\u00fcr ve Tarih kenti Samsun ilinin 19 May\u0131s il\u00e7esinde faaliyet g\u00f6stermektedir.\u015eirketimizin faaliyetleri KEMAL KOLBAKIR taraf\u0131ndan Samsun \u0130li Ondokuzmay\u0131s \u0130l\u00e7esi Derek\u00f6y beldesinde 1990 y\u0131l\u0131nda ba\u015flat\u0131lm\u0131\u015f ve 24 metreye kadar \u00e7e\u015fitli boylarda ah\u015fap trol ve algarna teknesi in\u015fas\u0131n\u0131 ger\u00e7ekle\u015ftirmi\u015ftir.On sekiz y\u0131l s\u00fcre ile devam eden ah\u015fap tekne imalat\u0131 s\u00fcreci nihayetinde 2007 y\u0131l\u0131nda sonland\u0131r\u0131lm\u0131\u015f [&hellip;]<\/p>\n","protected":false},"author":1,"featured_media":0,"parent":0,"menu_order":0,"comment_status":"closed","ping_status":"closed","template":"","meta":{"om_disable_all_campaigns":false,"_monsterinsights_skip_tracking":false,"_monsterinsights_sitenote_active":false,"_monsterinsights_sitenote_note":"","_monsterinsights_sitenote_category":0},"_links":{"self":[{"href":"https:\/\/www.kolbakirlaryatcilik.com.tr\/index.php\/wp-json\/wp\/v2\/pages\/208"}],"collection":[{"href":"https:\/\/www.kolbakirlaryatcilik.com.tr\/index.php\/wp-json\/wp\/v2\/pages"}],"about":[{"href":"https:\/\/www.kolbakirlaryatcilik.com.tr\/index.php\/wp-json\/wp\/v2\/types\/page"}],"author":[{"embeddable":true,"href":"https:\/\/www.kolbakirlaryatcilik.com.tr\/index.php\/wp-json\/wp\/v2\/users\/1"}],"replies":[{"embeddable":true,"href":"https:\/\/www.kolbakirlaryatcilik.com.tr\/index.php\/wp-json\/wp\/v2\/comments?post=208"}],"version-history":[{"count":18,"href":"https:\/\/www.kolbakirlaryatcilik.com.tr\/index.php\/wp-json\/wp\/v2\/pages\/208\/revisions"}],"predecessor-version":[{"id":4079,"href":"https:\/\/www.kolbakirlaryatcilik.com.tr\/index.php\/wp-json\/wp\/v2\/pages\/208\/revisions\/4079"}],"wp:attachment":[{"href":"https:\/\/www.kolbakirlaryatcilik.com.tr\/index.php\/wp-json\/wp\/v2\/media?parent=208"}],"curies":[{"name":"wp","href":"https:\/\/api.w.org\/{rel}","templated":true}]}}